{"id":6,"date":"2018-11-26T12:45:27","date_gmt":"2018-11-26T17:45:27","guid":{"rendered":"https:\/\/sdaro.org\/home-2\/"},"modified":"2026-01-16T11:59:31","modified_gmt":"2026-01-16T16:59:31","slug":"home","status":"publish","type":"page","link":"https:\/\/sdaro.org\/ro\/","title":{"rendered":"Pagina principala"},"content":{"rendered":"<div data-elementor-type=\"wp-post\" data-elementor-id=\"6\" class=\"elementor elementor-6\" data-elementor-settings=\"{&quot;ha_cmc_init_switcher&quot;:&quot;no&quot;}\">\n\t\t\t\t\t\t<section class=\"elementor-section elementor-top-section elementor-element elementor-element-567911d elementor-section-content-middle elementor-section-boxed elementor-section-height-default elementor-section-height-default\" data-id=\"567911d\" data-element_type=\"section\" data-e-type=\"section\" data-settings=\"{&quot;background_background&quot;:&quot;classic&quot;,&quot;_ha_eqh_enable&quot;:false}\">\n\t\t\t\t\t\t\t<div class=\"elementor-background-overlay\"><\/div>\n\t\t\t\t\t\t\t<div class=\"elementor-container elementor-column-gap-no\">\n\t\t\t\t\t<div class=\"elementor-column elementor-col-100 elementor-top-column elementor-element elementor-element-b3743c8\" data-id=\"b3743c8\" data-element_type=\"column\" data-e-type=\"column\">\n\t\t\t<div class=\"elementor-widget-wrap elementor-element-populated\">\n\t\t\t\t\t\t<div class=\"elementor-element elementor-element-0cfef53 elementor-widget elementor-widget-heading\" data-id=\"0cfef53\" data-element_type=\"widget\" data-e-type=\"widget\" data-widget_type=\"heading.default\">\n\t\t\t\t<div class=\"elementor-widget-container\">\n\t\t\t\t\t<h5 class=\"elementor-heading-title elementor-size-default\">Bine ati venit la<\/h5>\t\t\t\t<\/div>\n\t\t\t\t<\/div>\n\t\t\t\t<div class=\"elementor-element elementor-element-82092e7 elementor-widget elementor-widget-heading\" data-id=\"82092e7\" data-element_type=\"widget\" data-e-type=\"widget\" data-widget_type=\"heading.default\">\n\t\t\t\t<div class=\"elementor-widget-container\">\n\t\t\t\t\t<h1 class=\"elementor-heading-title elementor-size-default\">Biserica AZS Rom\u00e2n\u0103 din Atlanta<\/h1>\t\t\t\t<\/div>\n\t\t\t\t<\/div>\n\t\t\t\t<div class=\"elementor-element elementor-element-f1f059f elementor-align-center elementor-widget elementor-widget-button\" data-id=\"f1f059f\" data-element_type=\"widget\" data-e-type=\"widget\" data-widget_type=\"button.default\">\n\t\t\t\t<div class=\"elementor-widget-container\">\n\t\t\t\t\t\t\t\t\t<div class=\"elementor-button-wrapper\">\n\t\t\t\t\t<a class=\"elementor-button elementor-button-link elementor-size-sm\" href=\"https:\/\/sdaro.org\/ro\/contact\/\">\n\t\t\t\t\t\t<span class=\"elementor-button-content-wrapper\">\n\t\t\t\t\t\t\t\t\t<span class=\"elementor-button-text\">Contacteaz\u0103-ne<\/span>\n\t\t\t\t\t<\/span>\n\t\t\t\t\t<\/a>\n\t\t\t\t<\/div>\n\t\t\t\t\t\t\t\t<\/div>\n\t\t\t\t<\/div>\n\t\t\t\t\t<\/div>\n\t\t<\/div>\n\t\t\t\t\t<\/div>\n\t\t<\/section>\n\t\t\t\t<section class=\"elementor-section elementor-top-section elementor-element elementor-element-eb0c3c5 elementor-section-boxed elementor-section-height-default elementor-section-height-default\" data-id=\"eb0c3c5\" data-element_type=\"section\" data-e-type=\"section\" data-settings=\"{&quot;_ha_eqh_enable&quot;:false}\">\n\t\t\t\t\t\t<div class=\"elementor-container elementor-column-gap-default\">\n\t\t\t\t\t<div class=\"elementor-column elementor-col-100 elementor-top-column elementor-element elementor-element-2ab1377\" data-id=\"2ab1377\" data-element_type=\"column\" data-e-type=\"column\">\n\t\t\t<div class=\"elementor-widget-wrap elementor-element-populated\">\n\t\t\t\t\t\t<div class=\"elementor-element elementor-element-8438d99 elementor-widget elementor-widget-heading\" data-id=\"8438d99\" data-element_type=\"widget\" data-e-type=\"widget\" data-widget_type=\"heading.default\">\n\t\t\t\t<div class=\"elementor-widget-container\">\n\t\t\t\t\t<h2 class=\"elementor-heading-title elementor-size-default\">Un loc \u00een care s\u0103-\u021bi \u00eent\u0103re\u0219ti leg\u0103tura cu Dumnezeu \u0219i s\u0103 faci prietenii ve\u0219nice<\/h2>\t\t\t\t<\/div>\n\t\t\t\t<\/div>\n\t\t\t\t\t<\/div>\n\t\t<\/div>\n\t\t\t\t\t<\/div>\n\t\t<\/section>\n\t\t\t\t<section class=\"elementor-section elementor-top-section elementor-element elementor-element-426efce elementor-section-boxed elementor-section-height-default elementor-section-height-default\" data-id=\"426efce\" data-element_type=\"section\" data-e-type=\"section\" data-settings=\"{&quot;_ha_eqh_enable&quot;:false}\">\n\t\t\t\t\t\t<div class=\"elementor-container elementor-column-gap-default\">\n\t\t\t\t\t<div class=\"elementor-column elementor-col-100 elementor-top-column elementor-element elementor-element-3a6b3f8\" data-id=\"3a6b3f8\" data-element_type=\"column\" data-e-type=\"column\">\n\t\t\t<div class=\"elementor-widget-wrap elementor-element-populated\">\n\t\t\t\t\t\t<div class=\"elementor-element elementor-element-6255175 elementor-widget elementor-widget-video\" data-id=\"6255175\" data-element_type=\"widget\" data-e-type=\"widget\" data-settings=\"{&quot;youtube_url&quot;:&quot;https:\\\/\\\/youtu.be\\\/IQoOthQDMEc&quot;,&quot;video_type&quot;:&quot;youtube&quot;,&quot;controls&quot;:&quot;yes&quot;}\" data-widget_type=\"video.default\">\n\t\t\t\t<div class=\"elementor-widget-container\">\n\t\t\t\t\t\t\t<div class=\"elementor-wrapper elementor-open-inline\">\n\t\t\t<div class=\"elementor-video\"><\/div>\t\t<\/div>\n\t\t\t\t\t\t<\/div>\n\t\t\t\t<\/div>\n\t\t\t\t\t<\/div>\n\t\t<\/div>\n\t\t\t\t\t<\/div>\n\t\t<\/section>\n\t\t\t\t<section class=\"elementor-section elementor-top-section elementor-element elementor-element-d03d3f7 elementor-section-boxed elementor-section-height-default elementor-section-height-default\" data-id=\"d03d3f7\" data-element_type=\"section\" data-e-type=\"section\" data-settings=\"{&quot;_ha_eqh_enable&quot;:false}\">\n\t\t\t\t\t\t<div class=\"elementor-container elementor-column-gap-default\">\n\t\t\t\t\t<div class=\"elementor-column elementor-col-33 elementor-top-column elementor-element elementor-element-0e6cd8a\" data-id=\"0e6cd8a\" data-element_type=\"column\" data-e-type=\"column\">\n\t\t\t<div class=\"elementor-widget-wrap elementor-element-populated\">\n\t\t\t\t\t\t<div class=\"elementor-element elementor-element-e983008 elementor-widget elementor-widget-image\" data-id=\"e983008\" data-element_type=\"widget\" data-e-type=\"widget\" data-widget_type=\"image.default\">\n\t\t\t\t<div class=\"elementor-widget-container\">\n\t\t\t\t\t\t\t\t\t\t\t\t<figure class=\"wp-caption\">\n\t\t\t\t\t\t\t\t\t\t\t<a href=\"https:\/\/sdaro.org\/ro\/media\/\">\n\t\t\t\t\t\t\t<img fetchpriority=\"high\" decoding=\"async\" width=\"500\" height=\"333\" src=\"https:\/\/sdaro.org\/wp-content\/uploads\/2022\/02\/Stream-2.jpg\" class=\"attachment-large size-large wp-image-566\" alt=\"\" srcset=\"https:\/\/sdaro.org\/wp-content\/uploads\/2022\/02\/Stream-2.jpg 500w, https:\/\/sdaro.org\/wp-content\/uploads\/2022\/02\/Stream-2-300x200.jpg 300w\" sizes=\"(max-width: 500px) 100vw, 500px\" \/>\t\t\t\t\t\t\t\t<\/a>\n\t\t\t\t\t\t\t\t\t\t\t<figcaption class=\"widget-image-caption wp-caption-text\">Urm\u0103ri\u021bi predicile aici<\/figcaption>\n\t\t\t\t\t\t\t\t\t\t<\/figure>\n\t\t\t\t\t\t\t\t\t<\/div>\n\t\t\t\t<\/div>\n\t\t\t\t\t<\/div>\n\t\t<\/div>\n\t\t\t\t<div class=\"elementor-column elementor-col-33 elementor-top-column elementor-element elementor-element-f424a59\" data-id=\"f424a59\" data-element_type=\"column\" data-e-type=\"column\">\n\t\t\t<div class=\"elementor-widget-wrap elementor-element-populated\">\n\t\t\t\t\t\t<div class=\"elementor-element elementor-element-0b2d034 elementor-widget elementor-widget-image\" data-id=\"0b2d034\" data-element_type=\"widget\" data-e-type=\"widget\" data-widget_type=\"image.default\">\n\t\t\t\t<div class=\"elementor-widget-container\">\n\t\t\t\t\t\t\t\t\t\t\t\t<figure class=\"wp-caption\">\n\t\t\t\t\t\t\t\t\t\t\t<a href=\"https:\/\/sdaro.org\/ro\/basics-of-our-faith\/\">\n\t\t\t\t\t\t\t<img decoding=\"async\" src=\"https:\/\/sdaro.org\/wp-content\/uploads\/elementor\/thumbs\/HolyWeek_Website-scaled-1-plvntsihctq2wocx3jm88dut6a5efzkqjdzcy57tvk.jpg\" title=\"HolyWeek_Website-scaled\" alt=\"HolyWeek_Website-scaled\" loading=\"lazy\" \/>\t\t\t\t\t\t\t\t<\/a>\n\t\t\t\t\t\t\t\t\t\t\t<figcaption class=\"widget-image-caption wp-caption-text\">Cine suntem noi?<\/figcaption>\n\t\t\t\t\t\t\t\t\t\t<\/figure>\n\t\t\t\t\t\t\t\t\t<\/div>\n\t\t\t\t<\/div>\n\t\t\t\t\t<\/div>\n\t\t<\/div>\n\t\t\t\t<div class=\"elementor-column elementor-col-33 elementor-top-column elementor-element elementor-element-b35f735\" data-id=\"b35f735\" data-element_type=\"column\" data-e-type=\"column\">\n\t\t\t<div class=\"elementor-widget-wrap elementor-element-populated\">\n\t\t\t\t\t\t<div class=\"elementor-element elementor-element-0622542 elementor-widget elementor-widget-image\" data-id=\"0622542\" data-element_type=\"widget\" data-e-type=\"widget\" data-widget_type=\"image.default\">\n\t\t\t\t<div class=\"elementor-widget-container\">\n\t\t\t\t\t\t\t\t\t\t\t\t<figure class=\"wp-caption\">\n\t\t\t\t\t\t\t\t\t\t\t<a href=\"https:\/\/sdaro.org\/ro\/prayer-requests\/\">\n\t\t\t\t\t\t\t<img decoding=\"async\" width=\"1024\" height=\"683\" src=\"https:\/\/sdaro.org\/wp-content\/uploads\/2022\/02\/Pray.jpg\" class=\"attachment-large size-large wp-image-562\" alt=\"\" srcset=\"https:\/\/sdaro.org\/wp-content\/uploads\/2022\/02\/Pray.jpg 1024w, https:\/\/sdaro.org\/wp-content\/uploads\/2022\/02\/Pray-300x200.jpg 300w, https:\/\/sdaro.org\/wp-content\/uploads\/2022\/02\/Pray-768x512.jpg 768w\" sizes=\"(max-width: 1024px) 100vw, 1024px\" \/>\t\t\t\t\t\t\t\t<\/a>\n\t\t\t\t\t\t\t\t\t\t\t<figcaption class=\"widget-image-caption wp-caption-text\">Cereri de rug\u0103ciune<\/figcaption>\n\t\t\t\t\t\t\t\t\t\t<\/figure>\n\t\t\t\t\t\t\t\t\t<\/div>\n\t\t\t\t<\/div>\n\t\t\t\t\t<\/div>\n\t\t<\/div>\n\t\t\t\t\t<\/div>\n\t\t<\/section>\n\t\t\t\t<section class=\"elementor-section elementor-top-section elementor-element elementor-element-09ed9fa elementor-section-boxed elementor-section-height-default elementor-section-height-default\" data-id=\"09ed9fa\" data-element_type=\"section\" data-e-type=\"section\" data-settings=\"{&quot;_ha_eqh_enable&quot;:false}\">\n\t\t\t\t\t\t<div class=\"elementor-container elementor-column-gap-default\">\n\t\t\t\t\t<div class=\"elementor-column elementor-col-100 elementor-top-column elementor-element elementor-element-f50abcb\" data-id=\"f50abcb\" data-element_type=\"column\" data-e-type=\"column\">\n\t\t\t<div class=\"elementor-widget-wrap elementor-element-populated\">\n\t\t\t\t\t\t<div class=\"elementor-element elementor-element-60e8556 elementor-widget elementor-widget-heading\" data-id=\"60e8556\" data-element_type=\"widget\" data-e-type=\"widget\" data-widget_type=\"heading.default\">\n\t\t\t\t<div class=\"elementor-widget-container\">\n\t\t\t\t\t<h2 class=\"elementor-heading-title elementor-size-default\">AVE\u021aI O \u00ceNTREBARE PENTRU PASTORUL NOSTRU?<\/h2>\t\t\t\t<\/div>\n\t\t\t\t<\/div>\n\t\t\t\t\t<\/div>\n\t\t<\/div>\n\t\t\t\t\t<\/div>\n\t\t<\/section>\n\t\t\t\t<section class=\"elementor-section elementor-top-section elementor-element elementor-element-5d8b503 elementor-section-boxed elementor-section-height-default elementor-section-height-default\" data-id=\"5d8b503\" data-element_type=\"section\" data-e-type=\"section\" data-settings=\"{&quot;_ha_eqh_enable&quot;:false}\">\n\t\t\t\t\t\t<div class=\"elementor-container elementor-column-gap-default\">\n\t\t\t\t\t<div class=\"elementor-column elementor-col-100 elementor-top-column elementor-element elementor-element-ff34049\" data-id=\"ff34049\" data-element_type=\"column\" data-e-type=\"column\">\n\t\t\t<div class=\"elementor-widget-wrap elementor-element-populated\">\n\t\t\t\t\t\t<div class=\"elementor-element elementor-element-6e6e4fb elementor-widget elementor-widget-formidable\" data-id=\"6e6e4fb\" data-element_type=\"widget\" data-e-type=\"widget\" data-widget_type=\"formidable.default\">\n\t\t\t\t<div class=\"elementor-widget-container\">\n\t\t\t\t\t<div class=\"frm_forms  with_frm_style frm_style_formidable-style\" id=\"frm_form_4_container\" data-token=\"23b9a8419599adf212e16dc5572cd154\">\n<form enctype=\"multipart\/form-data\" method=\"post\" class=\"frm-show-form\" id=\"form_questions\" data-token=\"23b9a8419599adf212e16dc5572cd154\" action=\"\">\n<div class=\"frm_form_fields\">\n<fieldset>\n<legend class=\"frm_screen_reader\">\u00centreb\u0103ri<\/legend>\n\n<div class=\"frm_fields_container\">\n<input type=\"hidden\" name=\"frm_action\" value=\"create\" \/>\n<input type=\"hidden\" name=\"form_id\" value=\"4\" \/>\n<input type=\"hidden\" name=\"frm_hide_fields_4\" id=\"frm_hide_fields_4\" value=\"\" \/>\n<input type=\"hidden\" name=\"form_key\" value=\"questions\" \/>\n<input type=\"hidden\" name=\"item_meta[0]\" value=\"\" \/>\n<input type=\"hidden\" id=\"frm_submit_entry_4\" name=\"frm_submit_entry_4\" value=\"37453720f9\" \/><input type=\"hidden\" name=\"_wp_http_referer\" value=\"\/ro\/wp-json\/wp\/v2\/pages\/6\" \/><div id=\"frm_field_53_container\" class=\"frm_form_field form-field  frm_top_container\">\n    <label for=\"field_i17cd\" id=\"field_i17cd_label\" class=\"frm_primary_label\">Nume (Op\u021bional)\n        <span class=\"frm_required\" aria-hidden=\"true\"><\/span>\n    <\/label>\n    <input type=\"text\" id=\"field_i17cd\" name=\"item_meta[53]\" value=\"\"  data-invmsg=\"Text is invalid\" aria-invalid=\"false\"  \/>\n    \n    \n<\/div>\n<div id=\"frm_field_55_container\" class=\"frm_form_field form-field  frm_required_field frm_top_container\">\n    <label for=\"field_8se04\" id=\"field_8se04_label\" class=\"frm_primary_label\">Care este intrebarea ta?\n        <span class=\"frm_required\" aria-hidden=\"true\">*<\/span>\n    <\/label>\n    <input type=\"text\" id=\"field_8se04\" name=\"item_meta[55]\" value=\"\"  data-reqmsg=\"What is your Question? cannot be blank.\" aria-required=\"true\" data-invmsg=\"Text is invalid\" aria-invalid=\"false\"  \/>\n    \n    \n<\/div>\n<div id=\"frm_field_54_container\" class=\"frm_form_field form-field  frm_required_field frm_top_container\">\n    <label for=\"field_ltkll\" id=\"field_ltkll_label\" class=\"frm_primary_label\">De unde vine aceast\u0103 \u00eentrebare? (Ora\u0219 si tara)\n        <span class=\"frm_required\" aria-hidden=\"true\">*<\/span>\n    <\/label>\n    <input type=\"text\" id=\"field_ltkll\" name=\"item_meta[54]\" value=\"\"  data-reqmsg=\"Where is This Question Coming From? (City and Country) cannot be blank.\" aria-required=\"true\" data-invmsg=\"Text is invalid\" aria-invalid=\"false\"  \/>\n    \n    \n<\/div>\n<div id=\"frm_field_56_container\" class=\"frm_form_field form-field  frm_top_container\">\n    <label for=\"field_uibf3\" id=\"field_uibf3_label\" class=\"frm_primary_label\">Dac\u0103 dori\u021bi s\u0103 r\u0103spundem \u00een mod privat, v\u0103 rug\u0103m s\u0103 l\u0103sa\u021bi o metod\u0103 de contact mai jos\n        <span class=\"frm_required\" aria-hidden=\"true\"><\/span>\n    <\/label>\n    <input type=\"text\" id=\"field_uibf3\" name=\"item_meta[56]\" value=\"\"  data-invmsg=\"Text is invalid\" aria-invalid=\"false\"  \/>\n    \n    \n<\/div>\n<div id=\"frm_field_57_container\" class=\"frm_form_field form-field  frm_none_container\">\n    <label for=\"g-recaptcha-response\" id=\"field_87q54_label\" class=\"frm_primary_label\">\n        <span class=\"frm_required\" aria-hidden=\"true\"><\/span>\n    <\/label>\n    <div  id=\"field_87q54\" class=\"frm-g-recaptcha\" data-sitekey=\"6LcOK8sjAAAAAL8HRYz6aBc6_eZaF7X2lz9F2UQk\" data-size=\"normal\" data-theme=\"light\"><\/div>\n    \n    \n<\/div>\n\t<input type=\"hidden\" name=\"item_key\" value=\"\" \/>\n\t\t\t\t<div class=\"frm__679029eee6f84\">\n\t\t\t\t<label for=\"frm_email_4\" >\n\t\t\t\t\tIf you are human, leave this field blank.\t\t\t\t<\/label>\n\t\t\t\t<input  id=\"frm_email_4\" type=\"text\" class=\"frm_verify\" name=\"frm__679029eee6f84\" value=\"\" autocomplete=\"off\"  \/>\n\t\t\t<\/div>\n\t\t<div class=\"frm_submit\">\n\n<button class=\"frm_button_submit\" type=\"submit\"  >Trimite<\/button>\n\n<\/div><\/div>\n<\/fieldset>\n<\/div>\n\n<input type=\"hidden\" name=\"trp-form-language\" value=\"ro\"\/><\/form>\n<\/div>\n\t\t\t\t<\/div>\n\t\t\t\t<\/div>\n\t\t\t\t\t<\/div>\n\t\t<\/div>\n\t\t\t\t\t<\/div>\n\t\t<\/section>\n\t\t\t\t<\/div>","protected":false},"excerpt":{"rendered":"<p>Welcome To Atlanta Romanian SDA Church CONTACT US A place to strengthen your connection with God and make everlasting friendships Watch Sermons Here Who Are Seventh-Day Adventist? Request a Prayer HAVE A QUESTION FOR OUR PASTOR? FEEL FREE TO LEAVE IT BELOW Questions Name (Optional) What is your Question? * Where is This Question Coming &hellip;<\/p>\n<p class=\"read-more\"> <a class=\"\" href=\"https:\/\/sdaro.org\/ro\/\"> <span class=\"screen-reader-text\">Pagina principala<\/span> Read More &raquo;<\/a><\/p>","protected":false},"author":1,"featured_media":0,"parent":0,"menu_order":0,"comment_status":"closed","ping_status":"closed","template":"","meta":{"site-sidebar-layout":"no-sidebar","site-content-layout":"page-builder","ast-main-header-display":"","ast-hfb-above-header-display":"","ast-hfb-below-header-display":"","ast-hfb-mobile-header-display":"","site-post-title":"disabled","ast-breadcrumbs-content":"","ast-featured-img":"disabled","footer-sml-layout":"","theme-transparent-header-meta":"enabled","adv-header-id-meta":"","stick-header-meta":"","header-above-stick-meta":"","header-main-stick-meta":"","header-below-stick-meta":"","footnotes":""},"class_list":["post-6","page","type-page","status-publish","hentry"],"yoast_head":"<!-- This site is optimized with the Yoast SEO plugin v27.2 - https:\/\/yoast.com\/product\/yoast-seo-wordpress\/ -->\n<title>Home - Atlanta Romanian SDA Church<\/title>\n<meta name=\"robots\" content=\"index, follow, max-snippet:-1, max-image-preview:large, max-video-preview:-1\" \/>\n<link rel=\"canonical\" href=\"https:\/\/sdaro.org\/ro\/\" \/>\n<meta property=\"og:locale\" content=\"ro_RO\" \/>\n<meta property=\"og:type\" content=\"article\" \/>\n<meta property=\"og:title\" content=\"Home - Atlanta Romanian SDA Church\" \/>\n<meta property=\"og:description\" content=\"Welcome To Atlanta Romanian SDA Church CONTACT US A place to strengthen your connection with God and make everlasting friendships Watch Sermons Here Who Are Seventh-Day Adventist? Request a Prayer HAVE A QUESTION FOR OUR PASTOR? FEEL FREE TO LEAVE IT BELOW Questions Name (Optional) What is your Question? * Where is This Question Coming &hellip; Home Read More &raquo;\" \/>\n<meta property=\"og:url\" content=\"https:\/\/sdaro.org\/ro\/\" \/>\n<meta property=\"og:site_name\" content=\"Atlanta Romanian SDA Church\" \/>\n<meta property=\"article:publisher\" content=\"https:\/\/www.facebook.com\/atlantaro\" \/>\n<meta property=\"article:modified_time\" content=\"2026-01-16T16:59:31+00:00\" \/>\n<meta property=\"og:image\" content=\"https:\/\/sdaro.org\/wp-content\/uploads\/2022\/02\/Stream-2.jpg\" \/>\n\t<meta property=\"og:image:width\" content=\"500\" \/>\n\t<meta property=\"og:image:height\" content=\"333\" \/>\n\t<meta property=\"og:image:type\" content=\"image\/jpeg\" \/>\n<meta name=\"twitter:card\" content=\"summary_large_image\" \/>\n<meta name=\"twitter:label1\" content=\"Timp estimat pentru citire\" \/>\n\t<meta name=\"twitter:data1\" content=\"1 minut\" \/>\n<script type=\"application\/ld+json\" class=\"yoast-schema-graph\">{\"@context\":\"https:\/\/schema.org\",\"@graph\":[{\"@type\":\"WebPage\",\"@id\":\"https:\/\/sdaro.org\/\",\"url\":\"https:\/\/sdaro.org\/\",\"name\":\"Home - Atlanta Romanian SDA Church\",\"isPartOf\":{\"@id\":\"http:\/\/sdaro.org\/#website\"},\"primaryImageOfPage\":{\"@id\":\"https:\/\/sdaro.org\/#primaryimage\"},\"image\":{\"@id\":\"https:\/\/sdaro.org\/#primaryimage\"},\"thumbnailUrl\":\"https:\/\/sdaro.org\/wp-content\/uploads\/2022\/02\/Stream-2.jpg\",\"datePublished\":\"2018-11-26T17:45:27+00:00\",\"dateModified\":\"2026-01-16T16:59:31+00:00\",\"breadcrumb\":{\"@id\":\"https:\/\/sdaro.org\/#breadcrumb\"},\"inLanguage\":\"ro-RO\",\"potentialAction\":[{\"@type\":\"ReadAction\",\"target\":[\"https:\/\/sdaro.org\/\"]}]},{\"@type\":\"ImageObject\",\"inLanguage\":\"ro-RO\",\"@id\":\"https:\/\/sdaro.org\/#primaryimage\",\"url\":\"https:\/\/sdaro.org\/wp-content\/uploads\/2022\/02\/Stream-2.jpg\",\"contentUrl\":\"https:\/\/sdaro.org\/wp-content\/uploads\/2022\/02\/Stream-2.jpg\"},{\"@type\":\"BreadcrumbList\",\"@id\":\"https:\/\/sdaro.org\/#breadcrumb\",\"itemListElement\":[{\"@type\":\"ListItem\",\"position\":1,\"name\":\"Home\",\"item\":\"https:\/\/sdaro.org\/\"},{\"@type\":\"ListItem\",\"position\":2,\"name\":\"Home\"}]},{\"@type\":\"WebSite\",\"@id\":\"http:\/\/sdaro.org\/#website\",\"url\":\"http:\/\/sdaro.org\/\",\"name\":\"Atlanta Romanian SDA Church\",\"description\":\"\",\"publisher\":{\"@id\":\"http:\/\/sdaro.org\/#organization\"},\"potentialAction\":[{\"@type\":\"SearchAction\",\"target\":{\"@type\":\"EntryPoint\",\"urlTemplate\":\"http:\/\/sdaro.org\/?s={search_term_string}\"},\"query-input\":{\"@type\":\"PropertyValueSpecification\",\"valueRequired\":true,\"valueName\":\"search_term_string\"}}],\"inLanguage\":\"ro-RO\"},{\"@type\":\"Organization\",\"@id\":\"http:\/\/sdaro.org\/#organization\",\"name\":\"Atlanta Romanian SDA Church\",\"url\":\"http:\/\/sdaro.org\/\",\"logo\":{\"@type\":\"ImageObject\",\"inLanguage\":\"ro-RO\",\"@id\":\"http:\/\/sdaro.org\/#\/schema\/logo\/image\/\",\"url\":\"https:\/\/sdaro.org\/wp-content\/uploads\/2022\/02\/IMG_8312-1024x694.png\",\"contentUrl\":\"https:\/\/sdaro.org\/wp-content\/uploads\/2022\/02\/IMG_8312-1024x694.png\",\"width\":1024,\"height\":694,\"caption\":\"Atlanta Romanian SDA Church\"},\"image\":{\"@id\":\"http:\/\/sdaro.org\/#\/schema\/logo\/image\/\"},\"sameAs\":[\"https:\/\/www.facebook.com\/atlantaro\",\"https:\/\/www.instagram.com\/atlantarosdachurch\/\",\"https:\/\/www.youtube.com\/channel\/UCnPhE3LMcNZjvb7870hm7bg\"]}]}<\/script>\n<!-- \/ Yoast SEO plugin. -->","yoast_head_json":{"title":"Home - Atlanta Romanian SDA Church","robots":{"index":"index","follow":"follow","max-snippet":"max-snippet:-1","max-image-preview":"max-image-preview:large","max-video-preview":"max-video-preview:-1"},"canonical":"https:\/\/sdaro.org\/ro\/","og_locale":"ro_RO","og_type":"article","og_title":"Home - Atlanta Romanian SDA Church","og_description":"Welcome To Atlanta Romanian SDA Church CONTACT US A place to strengthen your connection with God and make everlasting friendships Watch Sermons Here Who Are Seventh-Day Adventist? Request a Prayer HAVE A QUESTION FOR OUR PASTOR? FEEL FREE TO LEAVE IT BELOW Questions Name (Optional) What is your Question? * Where is This Question Coming &hellip; Home Read More &raquo;","og_url":"https:\/\/sdaro.org\/ro\/","og_site_name":"Atlanta Romanian SDA Church","article_publisher":"https:\/\/www.facebook.com\/atlantaro","article_modified_time":"2026-01-16T16:59:31+00:00","og_image":[{"width":500,"height":333,"url":"https:\/\/sdaro.org\/wp-content\/uploads\/2022\/02\/Stream-2.jpg","type":"image\/jpeg"}],"twitter_card":"summary_large_image","twitter_misc":{"Timp estimat pentru citire":"1 minut"},"schema":{"@context":"https:\/\/schema.org","@graph":[{"@type":"WebPage","@id":"https:\/\/sdaro.org\/","url":"https:\/\/sdaro.org\/","name":"Home - Atlanta Romanian SDA Church","isPartOf":{"@id":"http:\/\/sdaro.org\/#website"},"primaryImageOfPage":{"@id":"https:\/\/sdaro.org\/#primaryimage"},"image":{"@id":"https:\/\/sdaro.org\/#primaryimage"},"thumbnailUrl":"https:\/\/sdaro.org\/wp-content\/uploads\/2022\/02\/Stream-2.jpg","datePublished":"2018-11-26T17:45:27+00:00","dateModified":"2026-01-16T16:59:31+00:00","breadcrumb":{"@id":"https:\/\/sdaro.org\/#breadcrumb"},"inLanguage":"ro-RO","potentialAction":[{"@type":"ReadAction","target":["https:\/\/sdaro.org\/"]}]},{"@type":"ImageObject","inLanguage":"ro-RO","@id":"https:\/\/sdaro.org\/#primaryimage","url":"https:\/\/sdaro.org\/wp-content\/uploads\/2022\/02\/Stream-2.jpg","contentUrl":"https:\/\/sdaro.org\/wp-content\/uploads\/2022\/02\/Stream-2.jpg"},{"@type":"BreadcrumbList","@id":"https:\/\/sdaro.org\/#breadcrumb","itemListElement":[{"@type":"ListItem","position":1,"name":"Home","item":"https:\/\/sdaro.org\/"},{"@type":"ListItem","position":2,"name":"Home"}]},{"@type":"WebSite","@id":"http:\/\/sdaro.org\/#website","url":"http:\/\/sdaro.org\/","name":"Atlanta Romanian SDA Church","description":"","publisher":{"@id":"http:\/\/sdaro.org\/#organization"},"potentialAction":[{"@type":"SearchAction","target":{"@type":"EntryPoint","urlTemplate":"http:\/\/sdaro.org\/?s={search_term_string}"},"query-input":{"@type":"PropertyValueSpecification","valueRequired":true,"valueName":"search_term_string"}}],"inLanguage":"ro-RO"},{"@type":"Organization","@id":"http:\/\/sdaro.org\/#organization","name":"Atlanta Romanian SDA Church","url":"http:\/\/sdaro.org\/","logo":{"@type":"ImageObject","inLanguage":"ro-RO","@id":"http:\/\/sdaro.org\/#\/schema\/logo\/image\/","url":"https:\/\/sdaro.org\/wp-content\/uploads\/2022\/02\/IMG_8312-1024x694.png","contentUrl":"https:\/\/sdaro.org\/wp-content\/uploads\/2022\/02\/IMG_8312-1024x694.png","width":1024,"height":694,"caption":"Atlanta Romanian SDA Church"},"image":{"@id":"http:\/\/sdaro.org\/#\/schema\/logo\/image\/"},"sameAs":["https:\/\/www.facebook.com\/atlantaro","https:\/\/www.instagram.com\/atlantarosdachurch\/","https:\/\/www.youtube.com\/channel\/UCnPhE3LMcNZjvb7870hm7bg"]}]}},"_links":{"self":[{"href":"https:\/\/sdaro.org\/ro\/wp-json\/wp\/v2\/pages\/6","targetHints":{"allow":["GET"]}}],"collection":[{"href":"https:\/\/sdaro.org\/ro\/wp-json\/wp\/v2\/pages"}],"about":[{"href":"https:\/\/sdaro.org\/ro\/wp-json\/wp\/v2\/types\/page"}],"author":[{"embeddable":true,"href":"https:\/\/sdaro.org\/ro\/wp-json\/wp\/v2\/users\/1"}],"replies":[{"embeddable":true,"href":"https:\/\/sdaro.org\/ro\/wp-json\/wp\/v2\/comments?post=6"}],"version-history":[{"count":116,"href":"https:\/\/sdaro.org\/ro\/wp-json\/wp\/v2\/pages\/6\/revisions"}],"predecessor-version":[{"id":1348,"href":"https:\/\/sdaro.org\/ro\/wp-json\/wp\/v2\/pages\/6\/revisions\/1348"}],"wp:attachment":[{"href":"https:\/\/sdaro.org\/ro\/wp-json\/wp\/v2\/media?parent=6"}],"curies":[{"name":"wp","href":"https:\/\/api.w.org\/{rel}","templated":true}]}}